{"id":84,"date":"2017-03-20T23:58:56","date_gmt":"2017-03-20T22:58:56","guid":{"rendered":"https:\/\/ferienwohnung-lichtenwalde.de\/?page_id=84"},"modified":"2017-03-21T00:02:08","modified_gmt":"2017-03-20T23:02:08","slug":"kontakt","status":"publish","type":"page","link":"https:\/\/ferienwohnung-lichtenwalde.de\/index.php\/kontakt\/","title":{"rendered":"Kontakt"},"content":{"rendered":"<div role=\"form\" class=\"wpcf7\" id=\"wpcf7-f37-o1\" lang=\"de-DE\" dir=\"ltr\">\n<div class=\"screen-reader-response\"><\/div>\n<form action=\"\/index.php\/wp-json\/wp\/v2\/pages\/84#wpcf7-f37-o1\" method=\"post\" class=\"wpcf7-form\" novalidate=\"novalidate\">\n<div style=\"display: none;\">\n<input type=\"hidden\" name=\"_wpcf7\" value=\"37\" \/>\n<input type=\"hidden\" name=\"_wpcf7_version\" value=\"5.0.2\" \/>\n<input type=\"hidden\" name=\"_wpcf7_locale\" value=\"de_DE\" \/>\n<input type=\"hidden\" name=\"_wpcf7_unit_tag\" value=\"wpcf7-f37-o1\" \/>\n<input type=\"hidden\" name=\"_wpcf7_container_post\" value=\"0\" \/>\n<\/div>\n<p><label> Ihr Name (Pflichtfeld)<br \/>\n    <span class=\"wpcf7-form-control-wrap your-name\"><input type=\"text\" name=\"your-name\" value=\"\" size=\"40\" class=\"wpcf7-form-control wpcf7-text wpcf7-validates-as-required\" aria-required=\"true\" aria-invalid=\"false\" \/><\/span> <\/label><\/p>\n<p><label> Ihre E-Mail-Adresse (Pflichtfeld)<br \/>\n    <span class=\"wpcf7-form-control-wrap your-email\"><input type=\"email\" name=\"your-email\" value=\"\" size=\"40\" class=\"wpcf7-form-control wpcf7-text wpcf7-email wpcf7-validates-as-required wpcf7-validates-as-email\" aria-required=\"true\" aria-invalid=\"false\" \/><\/span> <\/label><\/p>\n<p><label> Betreff<br \/>\n    <span class=\"wpcf7-form-control-wrap your-subject\"><input type=\"text\" name=\"your-subject\" value=\"\" size=\"40\" class=\"wpcf7-form-control wpcf7-text\" aria-invalid=\"false\" \/><\/span> <\/label><\/p>\n<p><label> Ihre Nachricht<br \/>\n    <span class=\"wpcf7-form-control-wrap your-message\"><textarea name=\"your-message\" cols=\"40\" rows=\"10\" class=\"wpcf7-form-control wpcf7-textarea\" aria-invalid=\"false\"><\/textarea><\/span> <\/label><\/p>\n<p><label> Datenschutz<br \/>\n<span class=\"wpcf7-form-control-wrap acceptance-42\"><span class=\"wpcf7-form-control wpcf7-acceptance\"><span class=\"wpcf7-list-item\"><label><input type=\"checkbox\" name=\"acceptance-42\" value=\"1\" aria-invalid=\"false\" \/><span class=\"wpcf7-list-item-label\"><a href=\"https:\/\/ferienwohnung-lichtenwalde.de\/index.php\/datenschutzerklaerung\/\" target=\"_blank\">Datenschutzerkl\u00e4rung <\/a>gelesen<\/span><\/label><\/span><\/span><\/span><\/p>\n<p><input type=\"submit\" value=\"Senden\" class=\"wpcf7-form-control wpcf7-submit\" \/><\/p>\n<div class=\"wpcf7-response-output wpcf7-display-none\"><\/div><\/form><\/div>\n","protected":false},"excerpt":{"rendered":"","protected":false},"author":1,"featured_media":87,"parent":0,"menu_order":0,"comment_status":"closed","ping_status":"closed","template":"","meta":[],"yoast_head":"<!-- This site is optimized with the Yoast SEO plugin v15.9.1 - https:\/\/yoast.com\/wordpress\/plugins\/seo\/ -->\n<title>Ferienwohnungen am Schloss Lichtenwalde<\/title>\n<meta name=\"description\" content=\"G\u00fcnstige und gem\u00fctliche Ferienwohnungen in Lichtenwalde. Genie\u00dfen Sie Ihren Urlaub direkt am wundersch\u00f6nen Schlo\u00df Lichtenwalde. \u260e 0160 960 32 924\" \/>\n<link rel=\"canonical\" href=\"https:\/\/ferienwohnung-lichtenwalde.de\/index.php\/kontakt\/\" \/>\n<meta property=\"og:locale\" content=\"de_DE\" \/>\n<meta property=\"og:type\" content=\"article\" \/>\n<meta property=\"og:title\" content=\"Ferienwohnungen am Schloss Lichtenwalde\" \/>\n<meta property=\"og:description\" content=\"G\u00fcnstige und gem\u00fctliche Ferienwohnungen in Lichtenwalde. Genie\u00dfen Sie Ihren Urlaub direkt am wundersch\u00f6nen Schlo\u00df Lichtenwalde. \u260e 0160 960 32 924\" \/>\n<meta property=\"og:url\" content=\"https:\/\/ferienwohnung-lichtenwalde.de\/index.php\/kontakt\/\" \/>\n<meta property=\"og:site_name\" content=\"Ferienwohnungen am Schlo\u00df Lichtenwalde\" \/>\n<meta property=\"article:modified_time\" content=\"2017-03-20T23:02:08+00:00\" \/>\n<meta property=\"og:image\" content=\"https:\/\/ferienwohnung-lichtenwalde.de\/wp-content\/uploads\/2017\/03\/IMG_0001_2-e1490050888658.jpg\" \/>\n\t<meta property=\"og:image:width\" content=\"1200\" \/>\n\t<meta property=\"og:image:height\" content=\"508\" \/>\n<meta name=\"twitter:card\" content=\"summary_large_image\" \/>\n<script type=\"application\/ld+json\" class=\"yoast-schema-graph\">{\"@context\":\"https:\/\/schema.org\",\"@graph\":[{\"@type\":\"WebSite\",\"@id\":\"https:\/\/ferienwohnung-lichtenwalde.de\/#website\",\"url\":\"https:\/\/ferienwohnung-lichtenwalde.de\/\",\"name\":\"Ferienwohnungen am Schlo\\u00df Lichtenwalde\",\"description\":\"\",\"potentialAction\":[{\"@type\":\"SearchAction\",\"target\":\"https:\/\/ferienwohnung-lichtenwalde.de\/?s={search_term_string}\",\"query-input\":\"required name=search_term_string\"}],\"inLanguage\":\"de\"},{\"@type\":\"ImageObject\",\"@id\":\"https:\/\/ferienwohnung-lichtenwalde.de\/index.php\/kontakt\/#primaryimage\",\"inLanguage\":\"de\",\"url\":\"https:\/\/ferienwohnung-lichtenwalde.de\/wp-content\/uploads\/2017\/03\/IMG_0001_2-e1490050888658.jpg\",\"width\":1200,\"height\":508},{\"@type\":\"WebPage\",\"@id\":\"https:\/\/ferienwohnung-lichtenwalde.de\/index.php\/kontakt\/#webpage\",\"url\":\"https:\/\/ferienwohnung-lichtenwalde.de\/index.php\/kontakt\/\",\"name\":\"Ferienwohnungen am Schloss Lichtenwalde\",\"isPartOf\":{\"@id\":\"https:\/\/ferienwohnung-lichtenwalde.de\/#website\"},\"primaryImageOfPage\":{\"@id\":\"https:\/\/ferienwohnung-lichtenwalde.de\/index.php\/kontakt\/#primaryimage\"},\"datePublished\":\"2017-03-20T22:58:56+00:00\",\"dateModified\":\"2017-03-20T23:02:08+00:00\",\"description\":\"G\\u00fcnstige und gem\\u00fctliche Ferienwohnungen in Lichtenwalde. Genie\\u00dfen Sie Ihren Urlaub direkt am wundersch\\u00f6nen Schlo\\u00df Lichtenwalde. \\u260e 0160 960 32 924\",\"breadcrumb\":{\"@id\":\"https:\/\/ferienwohnung-lichtenwalde.de\/index.php\/kontakt\/#breadcrumb\"},\"inLanguage\":\"de\",\"potentialAction\":[{\"@type\":\"ReadAction\",\"target\":[\"https:\/\/ferienwohnung-lichtenwalde.de\/index.php\/kontakt\/\"]}]},{\"@type\":\"BreadcrumbList\",\"@id\":\"https:\/\/ferienwohnung-lichtenwalde.de\/index.php\/kontakt\/#breadcrumb\",\"itemListElement\":[{\"@type\":\"ListItem\",\"position\":1,\"item\":{\"@type\":\"WebPage\",\"@id\":\"https:\/\/ferienwohnung-lichtenwalde.de\/\",\"url\":\"https:\/\/ferienwohnung-lichtenwalde.de\/\",\"name\":\"Startseite\"}},{\"@type\":\"ListItem\",\"position\":2,\"item\":{\"@type\":\"WebPage\",\"@id\":\"https:\/\/ferienwohnung-lichtenwalde.de\/index.php\/kontakt\/\",\"url\":\"https:\/\/ferienwohnung-lichtenwalde.de\/index.php\/kontakt\/\",\"name\":\"Kontakt\"}}]}]}<\/script>\n<!-- \/ Yoast SEO plugin. -->","_links":{"self":[{"href":"https:\/\/ferienwohnung-lichtenwalde.de\/index.php\/wp-json\/wp\/v2\/pages\/84"}],"collection":[{"href":"https:\/\/ferienwohnung-lichtenwalde.de\/index.php\/wp-json\/wp\/v2\/pages"}],"about":[{"href":"https:\/\/ferienwohnung-lichtenwalde.de\/index.php\/wp-json\/wp\/v2\/types\/page"}],"author":[{"embeddable":true,"href":"https:\/\/ferienwohnung-lichtenwalde.de\/index.php\/wp-json\/wp\/v2\/users\/1"}],"replies":[{"embeddable":true,"href":"https:\/\/ferienwohnung-lichtenwalde.de\/index.php\/wp-json\/wp\/v2\/comments?post=84"}],"version-history":[{"count":1,"href":"https:\/\/ferienwohnung-lichtenwalde.de\/index.php\/wp-json\/wp\/v2\/pages\/84\/revisions"}],"predecessor-version":[{"id":85,"href":"https:\/\/ferienwohnung-lichtenwalde.de\/index.php\/wp-json\/wp\/v2\/pages\/84\/revisions\/85"}],"wp:featuredmedia":[{"embeddable":true,"href":"https:\/\/ferienwohnung-lichtenwalde.de\/index.php\/wp-json\/wp\/v2\/media\/87"}],"wp:attachment":[{"href":"https:\/\/ferienwohnung-lichtenwalde.de\/index.php\/wp-json\/wp\/v2\/media?parent=84"}],"curies":[{"name":"wp","href":"https:\/\/api.w.org\/{rel}","templated":true}]}}