{"id":40,"date":"2017-03-18T22:03:08","date_gmt":"2017-03-18T21:03:08","guid":{"rendered":"https:\/\/ferienwohnung-lichtenwalde.de\/?page_id=40"},"modified":"2021-03-09T15:27:55","modified_gmt":"2021-03-09T14:27:55","slug":"resevierungsanfrage","status":"publish","type":"page","link":"https:\/\/ferienwohnung-lichtenwalde.de\/index.php\/resevierungsanfrage\/","title":{"rendered":"Reservierungsanfrage &#8211; bis 2 Personen"},"content":{"rendered":"<div role=\"form\" class=\"wpcf7\" id=\"wpcf7-f114-o1\" lang=\"de-DE\" dir=\"ltr\">\n<div class=\"screen-reader-response\"><\/div>\n<form action=\"\/index.php\/wp-json\/wp\/v2\/pages\/40#wpcf7-f114-o1\" method=\"post\" class=\"wpcf7-form\" novalidate=\"novalidate\">\n<div style=\"display: none;\">\n<input type=\"hidden\" name=\"_wpcf7\" value=\"114\" \/>\n<input type=\"hidden\" name=\"_wpcf7_version\" value=\"5.0.2\" \/>\n<input type=\"hidden\" name=\"_wpcf7_locale\" value=\"de_DE\" \/>\n<input type=\"hidden\" name=\"_wpcf7_unit_tag\" value=\"wpcf7-f114-o1\" \/>\n<input type=\"hidden\" name=\"_wpcf7_container_post\" value=\"0\" \/>\n<\/div>\n<p><label> Ihr Name (Pflichtfeld)<br \/>\n    <span class=\"wpcf7-form-control-wrap your-name\"><input type=\"text\" name=\"your-name\" value=\"\" size=\"40\" class=\"wpcf7-form-control wpcf7-text wpcf7-validates-as-required\" aria-required=\"true\" aria-invalid=\"false\" \/><\/span> <\/label><\/p>\n<p><label> Ihre E-Mail-Adresse (Pflichtfeld)<br \/>\n    <span class=\"wpcf7-form-control-wrap your-email\"><input type=\"email\" name=\"your-email\" value=\"\" size=\"40\" class=\"wpcf7-form-control wpcf7-text wpcf7-email wpcf7-validates-as-required wpcf7-validates-as-email\" aria-required=\"true\" aria-invalid=\"false\" \/><\/span> <\/label><\/p>\n<p><label> Ihre Telefonnummer<br \/>\n    <span class=\"wpcf7-form-control-wrap telefon\"><input type=\"tel\" name=\"telefon\" value=\"\" size=\"40\" class=\"wpcf7-form-control wpcf7-text wpcf7-tel wpcf7-validates-as-tel\" aria-invalid=\"false\" \/><\/span> <\/label><\/p>\n<p><label> Welche Wohnung m\u00f6chten Sie nutzen?<br \/>\n<span class=\"wpcf7-form-control-wrap Wohnung\"><select name=\"Wohnung\" class=\"wpcf7-form-control wpcf7-select wpcf7-validates-as-required\" aria-required=\"true\" aria-invalid=\"false\"><option value=\"\">---<\/option><option value=\"1-Raum-Wohnung (bis 2 Personen)\">1-Raum-Wohnung (bis 2 Personen)<\/option><option value=\"2-Raum-Wohnung (bis 4 Personen)\">2-Raum-Wohnung (bis 4 Personen)<\/option><\/select><\/span><br \/>\n   <\/label><\/p>\n<p><label> Anreisetag <span class=\"wpcf7-form-control-wrap anreise\"><input type=\"text\" name=\"anreise\" value=\"\" size=\"40\" class=\"wpcf7-form-control wpcf7-date wpcf7-validates-as-required\" aria-required=\"true\" \/> <\/span><\/label><br \/>\n<label> Abreisetag <span class=\"wpcf7-form-control-wrap abreise\"><input type=\"text\" name=\"abreise\" value=\"\" size=\"40\" class=\"wpcf7-form-control wpcf7-date wpcf7-validates-as-required\" aria-required=\"true\" \/> <\/span><\/label><\/p>\n<p><label> Ihre Nachricht<br \/>\n    <span class=\"wpcf7-form-control-wrap your-message\"><textarea name=\"your-message\" cols=\"40\" rows=\"10\" class=\"wpcf7-form-control wpcf7-textarea\" aria-invalid=\"false\"><\/textarea><\/span> <\/label><\/p>\n<p><input type=\"submit\" value=\"Senden\" class=\"wpcf7-form-control wpcf7-submit\" \/><\/p>\n<div class=\"wpcf7-response-output wpcf7-display-none\"><\/div><\/form><\/div>\n<!--\n[easy_form style=\"none\" submit=\"Reservation successfully sent\" subsubmit=\"Please continue by paying through PayPal or enter your credit card details.\" credit=\"Reservation complete\" subcredit=\"You'll receive an email with the reservations details\" resourcename=\"Room\" price=\"1\" pers=\"1\" resource=\"38\" multiple=\"full\" validate=\"Reservation successfully verified\" subvalidate=\"Either make additional reservations or submit\"]\n\n[easy_calendar resource=\"38\" width=\"100\" style=\"2\" price=\"0\"]--><\/p>\n","protected":false},"excerpt":{"rendered":"","protected":false},"author":1,"featured_media":0,"parent":0,"menu_order":0,"comment_status":"closed","ping_status":"closed","template":"","meta":[],"yoast_head":"<!-- This site is optimized with the Yoast SEO plugin v15.9.1 - https:\/\/yoast.com\/wordpress\/plugins\/seo\/ -->\n<title>Ferienwohnungen am Schloss Lichtenwalde<\/title>\n<meta name=\"description\" content=\"G\u00fcnstige und gem\u00fctliche Ferienwohnungen in Lichtenwalde. Genie\u00dfen Sie Ihren Urlaub direkt am wundersch\u00f6nen Schlo\u00df Lichtenwalde. \u260e 0160 960 32 924\" \/>\n<link rel=\"canonical\" href=\"https:\/\/ferienwohnung-lichtenwalde.de\/index.php\/resevierungsanfrage\/\" \/>\n<meta property=\"og:locale\" content=\"de_DE\" \/>\n<meta property=\"og:type\" content=\"article\" \/>\n<meta property=\"og:title\" content=\"Ferienwohnungen am Schloss Lichtenwalde\" \/>\n<meta property=\"og:description\" content=\"G\u00fcnstige und gem\u00fctliche Ferienwohnungen in Lichtenwalde. Genie\u00dfen Sie Ihren Urlaub direkt am wundersch\u00f6nen Schlo\u00df Lichtenwalde. \u260e 0160 960 32 924\" \/>\n<meta property=\"og:url\" content=\"https:\/\/ferienwohnung-lichtenwalde.de\/index.php\/resevierungsanfrage\/\" \/>\n<meta property=\"og:site_name\" content=\"Ferienwohnungen am Schlo\u00df Lichtenwalde\" \/>\n<meta property=\"article:modified_time\" content=\"2021-03-09T14:27:55+00:00\" \/>\n<meta name=\"twitter:card\" content=\"summary_large_image\" \/>\n<script type=\"application\/ld+json\" class=\"yoast-schema-graph\">{\"@context\":\"https:\/\/schema.org\",\"@graph\":[{\"@type\":\"WebSite\",\"@id\":\"https:\/\/ferienwohnung-lichtenwalde.de\/#website\",\"url\":\"https:\/\/ferienwohnung-lichtenwalde.de\/\",\"name\":\"Ferienwohnungen am Schlo\\u00df Lichtenwalde\",\"description\":\"\",\"potentialAction\":[{\"@type\":\"SearchAction\",\"target\":\"https:\/\/ferienwohnung-lichtenwalde.de\/?s={search_term_string}\",\"query-input\":\"required name=search_term_string\"}],\"inLanguage\":\"de\"},{\"@type\":\"WebPage\",\"@id\":\"https:\/\/ferienwohnung-lichtenwalde.de\/index.php\/resevierungsanfrage\/#webpage\",\"url\":\"https:\/\/ferienwohnung-lichtenwalde.de\/index.php\/resevierungsanfrage\/\",\"name\":\"Ferienwohnungen am Schloss Lichtenwalde\",\"isPartOf\":{\"@id\":\"https:\/\/ferienwohnung-lichtenwalde.de\/#website\"},\"datePublished\":\"2017-03-18T21:03:08+00:00\",\"dateModified\":\"2021-03-09T14:27:55+00:00\",\"description\":\"G\\u00fcnstige und gem\\u00fctliche Ferienwohnungen in Lichtenwalde. Genie\\u00dfen Sie Ihren Urlaub direkt am wundersch\\u00f6nen Schlo\\u00df Lichtenwalde. \\u260e 0160 960 32 924\",\"breadcrumb\":{\"@id\":\"https:\/\/ferienwohnung-lichtenwalde.de\/index.php\/resevierungsanfrage\/#breadcrumb\"},\"inLanguage\":\"de\",\"potentialAction\":[{\"@type\":\"ReadAction\",\"target\":[\"https:\/\/ferienwohnung-lichtenwalde.de\/index.php\/resevierungsanfrage\/\"]}]},{\"@type\":\"BreadcrumbList\",\"@id\":\"https:\/\/ferienwohnung-lichtenwalde.de\/index.php\/resevierungsanfrage\/#breadcrumb\",\"itemListElement\":[{\"@type\":\"ListItem\",\"position\":1,\"item\":{\"@type\":\"WebPage\",\"@id\":\"https:\/\/ferienwohnung-lichtenwalde.de\/\",\"url\":\"https:\/\/ferienwohnung-lichtenwalde.de\/\",\"name\":\"Startseite\"}},{\"@type\":\"ListItem\",\"position\":2,\"item\":{\"@type\":\"WebPage\",\"@id\":\"https:\/\/ferienwohnung-lichtenwalde.de\/index.php\/resevierungsanfrage\/\",\"url\":\"https:\/\/ferienwohnung-lichtenwalde.de\/index.php\/resevierungsanfrage\/\",\"name\":\"Reservierungsanfrage &#8211; bis 2 Personen\"}}]}]}<\/script>\n<!-- \/ Yoast SEO plugin. -->","_links":{"self":[{"href":"https:\/\/ferienwohnung-lichtenwalde.de\/index.php\/wp-json\/wp\/v2\/pages\/40"}],"collection":[{"href":"https:\/\/ferienwohnung-lichtenwalde.de\/index.php\/wp-json\/wp\/v2\/pages"}],"about":[{"href":"https:\/\/ferienwohnung-lichtenwalde.de\/index.php\/wp-json\/wp\/v2\/types\/page"}],"author":[{"embeddable":true,"href":"https:\/\/ferienwohnung-lichtenwalde.de\/index.php\/wp-json\/wp\/v2\/users\/1"}],"replies":[{"embeddable":true,"href":"https:\/\/ferienwohnung-lichtenwalde.de\/index.php\/wp-json\/wp\/v2\/comments?post=40"}],"version-history":[{"count":9,"href":"https:\/\/ferienwohnung-lichtenwalde.de\/index.php\/wp-json\/wp\/v2\/pages\/40\/revisions"}],"predecessor-version":[{"id":115,"href":"https:\/\/ferienwohnung-lichtenwalde.de\/index.php\/wp-json\/wp\/v2\/pages\/40\/revisions\/115"}],"wp:attachment":[{"href":"https:\/\/ferienwohnung-lichtenwalde.de\/index.php\/wp-json\/wp\/v2\/media?parent=40"}],"curies":[{"name":"wp","href":"https:\/\/api.w.org\/{rel}","templated":true}]}}