{"id":2,"date":"2017-03-15T22:26:38","date_gmt":"2017-03-15T21:26:38","guid":{"rendered":"http:\/\/ferienwohnung-lichtenwalde.de\/wp\/?page_id=2"},"modified":"2022-11-01T09:32:41","modified_gmt":"2022-11-01T08:32:41","slug":"ferienwohnunge-lichtenwalde","status":"publish","type":"page","link":"https:\/\/ferienwohnung-lichtenwalde.de\/","title":{"rendered":"Ferienwohnungen am Schlo\u00df Lichtenwalde"},"content":{"rendered":"<p>Moderne Ferienwohnungen, gem\u00fctlich und preiswert. Egal ob allein in einer 1-Raum-Wohnung oder bis zu 4 Personen in einer 2-Raum-Wohnung. Unsere Ferienwohnungen in Lichtenwalde bieten die optimalen Voraussetzungen f\u00fcr \u00dcbernachtungen in einer ruhigen Lage mit wundersch\u00f6nem Ambiente direkt am Schlo\u00df Lichtenwalde.<br \/>\n<span class=\"collapseomatic \" id=\"id8039\"  tabindex=\"0\" title=\"weiterlesen\"    >weiterlesen<\/span><div id=\"target-id8039\" class=\"collapseomatic_content \">\n<p>Zu unseren G\u00e4sten geh\u00f6ren Urlauber, Monteure sowie G\u00e4ste von Feierlichkeiten. Unsere Ferienwohnungen befinden sich direkt am Schlosspark Lichtenwalde, welcher mit zu den sch\u00f6nsten Barockg\u00e4rten Deutschlands geh\u00f6rt. Unsere Ferienwohnungen liegen mitten im Ortskern und sind daher sehr gut mit \u00f6ffentlichen Verkehrsmitteln zu erreichen. Parkm\u00f6glichkeiten sind direkt am Haus vorhanden. Die Parkgastst\u00e4tte und das Schlossgasthaus Lichtenwalde ist eine Anlaufstelle f\u00fcr ausgezeichnete regionale K\u00fcche. Weiterhin finden Sie im direkten Umfeld das Hotel Best Western sowie das Restaurant Vitzthum im Schloss Lichtenwalde. Einkaufsm\u00f6glichkeiten finden Sie in der Umgebung Niederwiesa, Frankenberg und Chemnitz.<\/p>\n<p>F\u00fcr Urlauber ist Lichtenwalde ein idealer Ausgangspunkt f\u00fcr Wanderungen und Ausfl\u00fcge in der Region Erzgebirge. Der Harrasfelsen mit seiner Sage um den Ritter Harras sowie die Augustusburg sind Wanderziele, die man als Tagesausfl\u00fcge erreichen kann. Entlang der Zschopau im sch\u00f6nen Zschopautal geht der Europaradwanderweg von Braunsdorf nach Fl\u00f6ha. Ganztagesausfl\u00fcge zur Burg Scharfenstein &#8211; die 3. der Sehenswerten Drei &#8211; oder eine Fahrt nach Oberwiesenthal sind ebenfalls lohnenswerte Ziele. Lichtenwalde ist immer eine Reise wert.<\/p>\n<p>Sie planen einen Urlaub oder eine Feierlichkeit in Lichtenwalde oder Umgebung, so kontaktieren Sie uns \u00fcber das Kontaktformular.<\/div>\n","protected":false},"excerpt":{"rendered":"<p>Moderne Ferienwohnungen, gem\u00fctlich und preiswert. Egal ob allein in einer 1-Raum-Wohnung oder bis zu 4 Personen in einer 2-Raum-Wohnung. Unsere Ferienwohnungen in Lichtenwalde bieten die optimalen Voraussetzungen f\u00fcr \u00dcbernachtungen in einer ruhigen Lage mit wundersch\u00f6nem Ambiente direkt am Schlo\u00df Lichtenwalde.<\/p>\n","protected":false},"author":1,"featured_media":106,"parent":0,"menu_order":0,"comment_status":"closed","ping_status":"open","template":"","meta":[],"yoast_head":"<!-- This site is optimized with the Yoast SEO plugin v15.9.1 - https:\/\/yoast.com\/wordpress\/plugins\/seo\/ -->\n<title>Ferienwohnungen am Schloss Lichtenwalde<\/title>\n<meta name=\"description\" content=\"G\u00fcnstige und gem\u00fctliche Ferienwohnungen in Lichtenwalde. Genie\u00dfen Sie Ihren Urlaub direkt am wundersch\u00f6nen Schlo\u00df Lichtenwalde. \u260e 0160 960 32 924\" \/>\n<link rel=\"canonical\" href=\"https:\/\/ferienwohnung-lichtenwalde.de\/\" \/>\n<meta property=\"og:locale\" content=\"de_DE\" \/>\n<meta property=\"og:type\" content=\"article\" \/>\n<meta property=\"og:title\" content=\"Ferienwohnungen am Schloss Lichtenwalde\" \/>\n<meta property=\"og:description\" content=\"G\u00fcnstige und gem\u00fctliche Ferienwohnungen in Lichtenwalde. Genie\u00dfen Sie Ihren Urlaub direkt am wundersch\u00f6nen Schlo\u00df Lichtenwalde. \u260e 0160 960 32 924\" \/>\n<meta property=\"og:url\" content=\"https:\/\/ferienwohnung-lichtenwalde.de\/\" \/>\n<meta property=\"og:site_name\" content=\"Ferienwohnungen am Schlo\u00df Lichtenwalde\" \/>\n<meta property=\"article:modified_time\" content=\"2022-11-01T08:32:41+00:00\" \/>\n<meta property=\"og:image\" content=\"https:\/\/ferienwohnung-lichtenwalde.de\/wp-content\/uploads\/2017\/03\/barockschloss-lichtenwalde-ferienwohnung-neu-1.jpg\" \/>\n\t<meta property=\"og:image:width\" content=\"960\" \/>\n\t<meta property=\"og:image:height\" content=\"400\" \/>\n<meta name=\"twitter:card\" content=\"summary_large_image\" \/>\n<meta name=\"twitter:label1\" content=\"Gesch\u00e4tzte Lesezeit\">\n\t<meta name=\"twitter:data1\" content=\"1\u00a0Minute\">\n<script type=\"application\/ld+json\" class=\"yoast-schema-graph\">{\"@context\":\"https:\/\/schema.org\",\"@graph\":[{\"@type\":\"WebSite\",\"@id\":\"https:\/\/ferienwohnung-lichtenwalde.de\/#website\",\"url\":\"https:\/\/ferienwohnung-lichtenwalde.de\/\",\"name\":\"Ferienwohnungen am Schlo\\u00df Lichtenwalde\",\"description\":\"\",\"potentialAction\":[{\"@type\":\"SearchAction\",\"target\":\"https:\/\/ferienwohnung-lichtenwalde.de\/?s={search_term_string}\",\"query-input\":\"required name=search_term_string\"}],\"inLanguage\":\"de\"},{\"@type\":\"ImageObject\",\"@id\":\"https:\/\/ferienwohnung-lichtenwalde.de\/#primaryimage\",\"inLanguage\":\"de\",\"url\":\"https:\/\/ferienwohnung-lichtenwalde.de\/wp-content\/uploads\/2017\/03\/barockschloss-lichtenwalde-ferienwohnung-neu-1.jpg\",\"width\":960,\"height\":400,\"caption\":\"Gem\\u00fctliche und preiswerte Ferienwohnungen in Lichtenwalde\"},{\"@type\":\"WebPage\",\"@id\":\"https:\/\/ferienwohnung-lichtenwalde.de\/#webpage\",\"url\":\"https:\/\/ferienwohnung-lichtenwalde.de\/\",\"name\":\"Ferienwohnungen am Schloss Lichtenwalde\",\"isPartOf\":{\"@id\":\"https:\/\/ferienwohnung-lichtenwalde.de\/#website\"},\"primaryImageOfPage\":{\"@id\":\"https:\/\/ferienwohnung-lichtenwalde.de\/#primaryimage\"},\"datePublished\":\"2017-03-15T21:26:38+00:00\",\"dateModified\":\"2022-11-01T08:32:41+00:00\",\"description\":\"G\\u00fcnstige und gem\\u00fctliche Ferienwohnungen in Lichtenwalde. Genie\\u00dfen Sie Ihren Urlaub direkt am wundersch\\u00f6nen Schlo\\u00df Lichtenwalde. \\u260e 0160 960 32 924\",\"breadcrumb\":{\"@id\":\"https:\/\/ferienwohnung-lichtenwalde.de\/#breadcrumb\"},\"inLanguage\":\"de\",\"potentialAction\":[{\"@type\":\"ReadAction\",\"target\":[\"https:\/\/ferienwohnung-lichtenwalde.de\/\"]}]},{\"@type\":\"BreadcrumbList\",\"@id\":\"https:\/\/ferienwohnung-lichtenwalde.de\/#breadcrumb\",\"itemListElement\":[{\"@type\":\"ListItem\",\"position\":1,\"item\":{\"@type\":\"WebPage\",\"@id\":\"https:\/\/ferienwohnung-lichtenwalde.de\/\",\"url\":\"https:\/\/ferienwohnung-lichtenwalde.de\/\",\"name\":\"Startseite\"}},{\"@type\":\"ListItem\",\"position\":2,\"item\":{\"@type\":\"WebPage\",\"@id\":\"https:\/\/ferienwohnung-lichtenwalde.de\/\",\"url\":\"https:\/\/ferienwohnung-lichtenwalde.de\/\",\"name\":\"Ferienwohnungen am Schlo\\u00df Lichtenwalde\"}}]}]}<\/script>\n<!-- \/ Yoast SEO plugin. -->","_links":{"self":[{"href":"https:\/\/ferienwohnung-lichtenwalde.de\/index.php\/wp-json\/wp\/v2\/pages\/2"}],"collection":[{"href":"https:\/\/ferienwohnung-lichtenwalde.de\/index.php\/wp-json\/wp\/v2\/pages"}],"about":[{"href":"https:\/\/ferienwohnung-lichtenwalde.de\/index.php\/wp-json\/wp\/v2\/types\/page"}],"author":[{"embeddable":true,"href":"https:\/\/ferienwohnung-lichtenwalde.de\/index.php\/wp-json\/wp\/v2\/users\/1"}],"replies":[{"embeddable":true,"href":"https:\/\/ferienwohnung-lichtenwalde.de\/index.php\/wp-json\/wp\/v2\/comments?post=2"}],"version-history":[{"count":14,"href":"https:\/\/ferienwohnung-lichtenwalde.de\/index.php\/wp-json\/wp\/v2\/pages\/2\/revisions"}],"predecessor-version":[{"id":137,"href":"https:\/\/ferienwohnung-lichtenwalde.de\/index.php\/wp-json\/wp\/v2\/pages\/2\/revisions\/137"}],"wp:featuredmedia":[{"embeddable":true,"href":"https:\/\/ferienwohnung-lichtenwalde.de\/index.php\/wp-json\/wp\/v2\/media\/106"}],"wp:attachment":[{"href":"https:\/\/ferienwohnung-lichtenwalde.de\/index.php\/wp-json\/wp\/v2\/media?parent=2"}],"curies":[{"name":"wp","href":"https:\/\/api.w.org\/{rel}","templated":true}]}}